{"id":271,"date":"2018-10-20T13:07:24","date_gmt":"2018-10-20T11:07:24","guid":{"rendered":"https:\/\/kompashotel.dk.php72serv4.webhosting.dk\/?page_id=271"},"modified":"2024-06-28T13:37:33","modified_gmt":"2024-06-28T11:37:33","slug":"recommendations-for-good-fund-governance","status":"publish","type":"page","link":"https:\/\/kompashotel.dk\/en\/om-os\/anbefalinger-for-god-fondsledelse\/","title":{"rendered":"Recommendations for good fund governance"},"content":{"rendered":"<div data-elementor-type=\"wp-page\" data-elementor-id=\"271\" class=\"elementor elementor-271\" data-elementor-post-type=\"page\">\n\t\t\t\t<div class=\"elementor-element elementor-element-432c02d1 e-flex e-con-boxed e-con e-parent\" data-id=\"432c02d1\" data-element_type=\"container\" data-e-type=\"container\" data-settings=\"{&quot;background_background&quot;:&quot;classic&quot;}\">\n\t\t\t\t\t<div class=\"e-con-inner\">\n\t\t\t\t\t<\/div>\n\t\t\t\t<\/div>\n\t\t<div class=\"elementor-element elementor-element-e3847b0 e-flex e-con-boxed e-con e-parent\" data-id=\"e3847b0\" data-element_type=\"container\" data-e-type=\"container\">\n\t\t\t\t\t<div class=\"e-con-inner\">\n\t\t\t\t<div class=\"elementor-element elementor-element-8826221 elementor-widget elementor-widget-heading\" data-id=\"8826221\" data-element_type=\"widget\" data-e-type=\"widget\" data-widget_type=\"heading.default\">\n\t\t\t\t<div class=\"elementor-widget-container\">\n\t\t\t\t\t<h2 class=\"elementor-heading-title elementor-size-default\">RECOMMENDATIONS FOR GOOD FUND GOVERNANCE<\/h2>\t\t\t\t<\/div>\n\t\t\t\t<\/div>\n\t\t\t\t<div class=\"elementor-element elementor-element-b0ae836 elementor-widget elementor-widget-text-editor\" data-id=\"b0ae836\" data-element_type=\"widget\" data-e-type=\"widget\" data-widget_type=\"text-editor.default\">\n\t\t\t\t<div class=\"elementor-widget-container\">\n\t\t\t\t\t\t\t\t\t<p>The Aalborg Seamen's Home Foundation is covered by the \"Recommendations for Good Foundation Governance\", which are available on the website of the Committee for Good Foundation Governance\u00a0<a href=\"http:\/\/www.godfondsledelse.dk\/\" target=\"_blank\" rel=\"noopener noreferrer\">www.godfondsledelse.dk<\/a>. Here it follows\u00a0<strong>statutory<\/strong><strong>e<\/strong><strong>\u00a0Statement of good foundation governance, cf. section 77a of the Danish Financial Statements Act<\/strong><strong>.<\/strong><\/p>\t\t\t\t\t\t\t\t<\/div>\n\t\t\t\t<\/div>\n\t\t\t\t<div class=\"elementor-element elementor-element-61d433e elementor-widget elementor-widget-text-editor\" data-id=\"61d433e\" data-element_type=\"widget\" data-e-type=\"widget\" data-widget_type=\"text-editor.default\">\n\t\t\t\t<div class=\"elementor-widget-container\">\n\t\t\t\t\t\t\t\t\t<table width=\"100%\" cellpadding=\"20\"><tbody><tr><td width=\"50%\"><strong>Recommendation\u00a0<\/strong><\/td><td width=\"25%\"><strong>The fund follows<\/strong><\/td><td width=\"25%\"><strong>The Foundation explains<\/strong><\/td><\/tr><tr><td colspan=\"3\"><strong>1. Transparency and communication<\/strong><\/td><\/tr><tr><td width=\"50%\">1.1.\u00a0<strong>recommended<\/strong>that the board of directors adopts guidelines for external communication, including who can and should speak to the public on behalf of the commercial foundation and on what matters. The guidelines shall meet the need for transparency and the stakeholders' need and opportunity to obtain relevant up-to-date information about the affairs of the foundation.<\/td><td width=\"25%\">The foundation follows.<br \/>Please refer to the Foundation's rules of procedure.<\/td><td width=\"25%\">\u00a0<\/td><\/tr><tr><td colspan=\"3\"><strong>2. Tasks and responsibilities of the Board of Directors<\/strong><\/td><\/tr><tr><td colspan=\"3\">2.1 Overall tasks and responsibilities<\/td><\/tr><tr><td width=\"50%\">2.1.1 The\u00a0<strong>recommended<\/strong>that, in order to ensure that the commercial foundation operates in accordance with the purpose and interests of the foundation, the Board of Directors shall at least once a year consider the foundation's overall strategy and distribution policy based on the articles of association.<\/td><td width=\"25%\">The fund's following.<br \/>Fixed item on the agenda for the board meeting in June.<\/td><td width=\"25%\">\u00a0<\/td><\/tr><tr><td colspan=\"3\"><strong>2.2 Chairman and Vice Chairman of the Board of Directors<\/strong><\/td><\/tr><tr><td width=\"50%\">2.2.1 The\u00a0<strong>recommended<\/strong>that the chairman of the board of directors organises, convenes and chairs the board meetings in order to ensure effective board work and create the best possible conditions for the board members' work individually and collectively.<\/td><td width=\"25%\">The foundation follows.<\/td><td width=\"25%\">\u00a0<\/td><\/tr><tr><td width=\"50%\">2.2.2 The\u00a0<strong>recommended<\/strong>If the board of directors - in addition to the chairmanship - exceptionally requests the chairman of the board to perform special operational tasks for the commercial foundation, there should be a board decision that ensures that the board of directors retains the independent overall management and control function. A proper division of labour between the chairman, deputy chairman, the rest of the board and any executive board should be ensured.<\/td><td width=\"25%\">The foundation follows.<\/td><td width=\"25%\">\u00a0<\/td><\/tr><tr><td colspan=\"3\"><strong>2.3 Composition and organisation of the Board of Directors<\/strong><\/td><\/tr><tr><td width=\"50%\">2.3.1 The\u00a0<strong>recommended<\/strong>that the board of directors continuously assesses and determines which competences the board must have in order to best perform the tasks incumbent on the board.<\/td><td width=\"25%\">The foundation follows.<\/td><td width=\"25%\">\u00a0<\/td><\/tr><tr><td width=\"50%\">2.3.2 The\u00a0<strong>recommended<\/strong>that the board of directors, respecting any right of appointment in the articles of association, ensures a structured, thorough and transparent process for the selection and nomination of candidates for the board of directors.<\/td><td width=\"25%\">The foundation follows.<br \/>All new candidates are discussed at the board meetings.<\/td><td width=\"25%\">\u00a0<\/td><\/tr><tr><td width=\"50%\">2.3.3 The\u00a0<strong>recommended<\/strong>that board members are appointed on the basis of their personal qualities and competences, taking into account the board's overall competences, and that the composition and nomination of new board members take into account the need for renewal - compared to the need for continuity - and the need for diversity in relation to e.g. business and dividend experience, age and gender.<\/td><td width=\"25%\">The foundation follows.<\/td><td width=\"25%\">\u00a0<\/td><\/tr><tr><td width=\"50%\">2.3.4 The\u00a0<strong>recommended<\/strong>that the composition of the board of directors, including diversity, is described annually in the management report and on the commercial foundation's website, if any, and that the following information is provided about each of the board members:<br \/>- the name and position of the member in question,- the age and gender of the member in question,- the date of joining the Board of Directors, whether the member has been re-elected and the expiry of the current term of office,- any special competencies of the member,- the member's other directorships, including positions on executive boards, boards of directors and supervisory boards, including management committees, in Danish and foreign foundations, companies, institutions and demanding organisational tasks,- which members are appointed by authorities\/granting bodies etc. and- whether the member is considered independent.<\/td><td width=\"25%\">The foundation follows.<br \/>To be disclosed in the financial statements.<\/td><td width=\"25%\">\u00a0<\/td><\/tr><tr><td width=\"50%\">2.3.5 The\u00a0<strong>recommended<\/strong>that the majority of the board members of the commercial foundation are not also members of the board of directors or executive board of the foundation's subsidiary(ies), except in the case of a wholly-owned actual holding company.<\/td><td width=\"25%\">Not applicable.<\/td><td width=\"25%\">\u00a0<\/td><\/tr><tr><td colspan=\"3\"><strong>2.4 Independence<\/strong><\/td><\/tr><tr><td width=\"50%\">2.4.1 The\u00a0<strong>recommended<\/strong>that an appropriate proportion of the board members are independent.<p>\u00a0<\/p><p>If the board (excluding employee-elected members) consists of up to four members, at least one member should be independent. If the board consists of five to eight members, at least two members should be independent. If the board consists of nine to eleven members, at least three members should be independent, and so on.<\/p><p>A board member is not considered independent in this context if he or she:<\/p><p>- is, or within the past three years has been, a member of the executive board or senior executive of the foundation or a material subsidiary or associated company of the foundation,<\/p><p>- has within the past five years received major remuneration, including distributions or other benefits, from the foundation\/group or a subsidiary or associated company of the foundation in any capacity other than as a member of the foundation's board of directors or executive board,<\/p><p>- has within the past year had a significant business relationship (e.g. personally or indirectly as partner or employee, shareholder, customer, supplier or member of the management of companies with similar connections) with the foundation\/group or a subsidiary or associated company of the foundation,<\/p><p>- is, or within the past three years has been, an employee or partner of an external auditor,<\/p><p>- has been a member of the foundation's board or executive management for more than 12 years,<\/p><p>- are closely related to or otherwise particularly close to persons who are not considered independent,<\/p><p>- is a founder or significant donor if the purpose of the foundation is to provide support to their family or others who are particularly close to them, or<\/p><p>- is a management member of an organisation, another foundation or similar that receives or has repeatedly within the past five years received significant donations from the foundation.<\/p><\/td><td width=\"25%\">The foundation follows.<\/td><td width=\"25%\">\u00a0<\/td><\/tr><tr><td colspan=\"3\"><strong>2.5 Designation period<\/strong><\/td><\/tr><tr><td width=\"50%\">2.5.1 The<strong>\u00a0recommended<\/strong>that the members of the Board of Directors are appointed for a minimum period of two years and a maximum period of four years.<\/td><td width=\"25%\">The foundation follows.<\/td><td width=\"25%\">\u00a0<\/td><\/tr><tr><td width=\"50%\">2.5.2 The\u00a0<strong>recommended<\/strong>that an age limit is set for the members of the board of directors, which is published in the management report or on the foundation's website.<\/td><td width=\"25%\">The foundation follows.<\/td><td width=\"25%\">\u00a0<\/td><\/tr><tr><td colspan=\"3\"><strong>2.6 Evaluation of the work of the Board of Directors and Executive Board<\/strong><\/td><\/tr><tr><td width=\"50%\">2.6.1 The\u00a0<strong>recommended<\/strong>that the Board establishes an evaluation procedure whereby the contribution and performance of the Board, the Chairperson and the individual members are evaluated annually and the outcome is discussed by the Board.<\/td><td width=\"25%\">The foundation follows.<\/td><td width=\"25%\">\u00a0<\/td><\/tr><tr><td width=\"50%\">2.6.2 The\u00a0<strong>recommended<\/strong>that the board of directors annually evaluates the work and performance of any executive and\/or administrator according to pre-established clear criteria.<\/td><td width=\"25%\">The foundation follows.<\/td><td width=\"25%\">\u00a0<\/td><\/tr><tr><td colspan=\"3\"><strong>3. Management remuneration<\/strong><\/td><\/tr><tr><td width=\"50%\">3.1.1 The\u00a0<strong>recommended<\/strong>that members of the board of directors of commercial foundations are remunerated with a fixed amount and that members of any executive board are remunerated with a fixed amount, possibly combined with a bonus, which should not be dependent on financial performance. Remuneration should reflect the work and responsibilities that come with the position.<\/td><td width=\"25%\">The foundation follows.<\/td><td width=\"25%\">\u00a0<\/td><\/tr><tr><td width=\"50%\">3.1.2 The\u00a0<strong>recommended<\/strong>that the financial statements disclose the total remuneration received by each member of the board of directors and any executive management from the commercial foundation and from other companies in the group. In addition, information should be disclosed about any other remuneration that board members, other than employee representatives on the board, receive for the performance of duties for the foundation, subsidiaries of the foundation or affiliated companies of the foundation.<\/td><td width=\"25%\">The fund does not follow.<\/td><td width=\"25%\">The Foundation does not disclose the total remuneration of the Board of Directors as this would result in the director's salary being deductible from the financial statements.<\/td><\/tr><\/tbody><\/table>\t\t\t\t\t\t\t\t<\/div>\n\t\t\t\t<\/div>\n\t\t\t\t\t<\/div>\n\t\t\t\t<\/div>\n\t\t\t\t<\/div>","protected":false},"excerpt":{"rendered":"<p>ANBEFALINGER FOR GOD FONDSLEDELSE Fonden Aalborg S\u00f8mandshjem er omfattet af \u201dAnbefalingerne for god Fondsledelse\u201d, som er tilg\u00e6ngelige p\u00e5 Komit\u00e9en for [&hellip;]<\/p>\n","protected":false},"author":2,"featured_media":0,"parent":84,"menu_order":72,"comment_status":"closed","ping_status":"closed","template":"","meta":{"_acf_changed":false,"_seopress_robots_primary_cat":"","_seopress_titles_title":"Anbefalinger for god Fondsledelse | KOMPAS Hotel","_seopress_titles_desc":"Fonden Aalborg S\u00f8mandshjem er omfattet af \u201dAnbefalingerne for god Fondsledelse\u201d, som er tilg\u00e6ngelige p\u00e5 Komit\u00e9en for god Fondsledelses hjemmeside www.godfondsledelse.dk","_seopress_robots_index":"","_seopress_analysis_target_kw":"","site-sidebar-layout":"no-sidebar","site-content-layout":"","ast-site-content-layout":"full-width-container","site-content-style":"default","site-sidebar-style":"default","ast-global-header-display":"","ast-banner-title-visibility":"","ast-main-header-display":"","ast-hfb-above-header-display":"","ast-hfb-below-header-display":"","ast-hfb-mobile-header-display":"","site-post-title":"disabled","ast-breadcrumbs-content":"","ast-featured-img":"disabled","footer-sml-layout":"","ast-disable-related-posts":"","theme-transparent-header-meta":"","adv-header-id-meta":"","stick-header-meta":"","header-above-stick-meta":"","header-main-stick-meta":"","header-below-stick-meta":"","astra-migrate-meta-layouts":"default","ast-page-background-enabled":"default","ast-page-background-meta":{"desktop":{"background-color":"var(--ast-global-color-4)","background-image":"","background-repeat":"repeat","background-position":"center center","background-size":"auto","background-attachment":"scroll","background-type":"","background-media":"","overlay-type":"","overlay-color":"","overlay-opacity":"","overlay-gradient":""},"tablet":{"background-color":"","background-image":"","background-repeat":"repeat","background-position":"center center","background-size":"auto","background-attachment":"scroll","background-type":"","background-media":"","overlay-type":"","overlay-color":"","overlay-opacity":"","overlay-gradient":""},"mobile":{"background-color":"","background-image":"","background-repeat":"repeat","background-position":"center center","background-size":"auto","background-attachment":"scroll","background-type":"","background-media":"","overlay-type":"","overlay-color":"","overlay-opacity":"","overlay-gradient":""}},"ast-content-background-meta":{"desktop":{"background-color":"var(--ast-global-color-5)","background-image":"","background-repeat":"repeat","background-position":"center center","background-size":"auto","background-attachment":"scroll","background-type":"","background-media":"","overlay-type":"","overlay-color":"","overlay-opacity":"","overlay-gradient":""},"tablet":{"background-color":"var(--ast-global-color-5)","background-image":"","background-repeat":"repeat","background-position":"center center","background-size":"auto","background-attachment":"scroll","background-type":"","background-media":"","overlay-type":"","overlay-color":"","overlay-opacity":"","overlay-gradient":""},"mobile":{"background-color":"var(--ast-global-color-5)","background-image":"","background-repeat":"repeat","background-position":"center center","background-size":"auto","background-attachment":"scroll","background-type":"","background-media":"","overlay-type":"","overlay-color":"","overlay-opacity":"","overlay-gradient":""}},"footnotes":""},"class_list":["post-271","page","type-page","status-publish","hentry"],"featured_image_src":null,"acf":[],"_links":{"self":[{"href":"https:\/\/kompashotel.dk\/en\/wp-json\/wp\/v2\/pages\/271","targetHints":{"allow":["GET"]}}],"collection":[{"href":"https:\/\/kompashotel.dk\/en\/wp-json\/wp\/v2\/pages"}],"about":[{"href":"https:\/\/kompashotel.dk\/en\/wp-json\/wp\/v2\/types\/page"}],"author":[{"embeddable":true,"href":"https:\/\/kompashotel.dk\/en\/wp-json\/wp\/v2\/users\/2"}],"replies":[{"embeddable":true,"href":"https:\/\/kompashotel.dk\/en\/wp-json\/wp\/v2\/comments?post=271"}],"version-history":[{"count":10,"href":"https:\/\/kompashotel.dk\/en\/wp-json\/wp\/v2\/pages\/271\/revisions"}],"predecessor-version":[{"id":4462,"href":"https:\/\/kompashotel.dk\/en\/wp-json\/wp\/v2\/pages\/271\/revisions\/4462"}],"up":[{"embeddable":true,"href":"https:\/\/kompashotel.dk\/en\/wp-json\/wp\/v2\/pages\/84"}],"wp:attachment":[{"href":"https:\/\/kompashotel.dk\/en\/wp-json\/wp\/v2\/media?parent=271"}],"curies":[{"name":"wp","href":"https:\/\/api.w.org\/{rel}","templated":true}]}}