{"id":3329,"date":"2023-10-09T14:50:51","date_gmt":"2023-10-09T12:50:51","guid":{"rendered":"https:\/\/kompashotel.dk\/?page_id=3329"},"modified":"2025-05-27T11:30:04","modified_gmt":"2025-05-27T09:30:04","slug":"uzon-zentrum","status":"publish","type":"page","link":"https:\/\/kompashotel.dk\/de\/utzon-center\/","title":{"rendered":"Utzon Zentrum"},"content":{"rendered":"<div data-elementor-type=\"wp-page\" data-elementor-id=\"3329\" class=\"elementor elementor-3329\" data-elementor-post-type=\"page\">\n\t\t\t\t<div class=\"elementor-element elementor-element-f04a164 e-flex e-con-boxed e-con e-parent\" data-id=\"f04a164\" data-element_type=\"container\" data-e-type=\"container\" data-settings=\"{&quot;background_background&quot;:&quot;classic&quot;}\">\n\t\t\t\t\t<div class=\"e-con-inner\">\n\t\t\t\t\t<\/div>\n\t\t\t\t<\/div>\n\t\t<div class=\"elementor-element elementor-element-074b74e e-flex e-con-boxed e-con e-parent\" data-id=\"074b74e\" data-element_type=\"container\" data-e-type=\"container\" data-settings=\"{&quot;background_background&quot;:&quot;classic&quot;}\">\n\t\t\t\t\t<div class=\"e-con-inner\">\n\t\t<div class=\"elementor-element elementor-element-0a129e3 e-con-full animated-fast e-flex elementor-invisible e-con e-child\" data-id=\"0a129e3\" data-element_type=\"container\" data-e-type=\"container\" data-settings=\"{&quot;animation&quot;:&quot;fadeInUp&quot;}\">\n\t\t\t\t<div class=\"elementor-element elementor-element-3a5a486 elementor-widget-divider--view-line elementor-widget elementor-widget-divider\" data-id=\"3a5a486\" data-element_type=\"widget\" data-e-type=\"widget\" data-widget_type=\"divider.default\">\n\t\t\t\t<div class=\"elementor-widget-container\">\n\t\t\t\t\t\t\t<div class=\"elementor-divider\">\n\t\t\t<span class=\"elementor-divider-separator\">\n\t\t\t\t\t\t<\/span>\n\t\t<\/div>\n\t\t\t\t\t\t<\/div>\n\t\t\t\t<\/div>\n\t\t\t\t<div class=\"elementor-element elementor-element-764f268 elementor-widget elementor-widget-text-editor\" data-id=\"764f268\" data-element_type=\"widget\" data-e-type=\"widget\" data-widget_type=\"text-editor.default\">\n\t\t\t\t<div class=\"elementor-widget-container\">\n\t\t\t\t\t\t\t\t\t<p>Tauchen Sie ein in die Welt des Utzon Centre.<\/p>\t\t\t\t\t\t\t\t<\/div>\n\t\t\t\t<\/div>\n\t\t\t\t<\/div>\n\t\t\t\t\t<\/div>\n\t\t\t\t<\/div>\n\t\t<div class=\"elementor-element elementor-element-cfeeee6 e-flex e-con-boxed e-con e-parent\" data-id=\"cfeeee6\" data-element_type=\"container\" data-e-type=\"container\">\n\t\t\t\t\t<div class=\"e-con-inner\">\n\t\t\t\t<div class=\"elementor-element elementor-element-eeb4bd5 elementor-widget elementor-widget-text-editor\" data-id=\"eeb4bd5\" data-element_type=\"widget\" data-e-type=\"widget\" data-widget_type=\"text-editor.default\">\n\t\t\t\t<div class=\"elementor-widget-container\">\n\t\t\t\t\t\t\t\t\t<p><strong>Eintauchen in die Welt des Utzon Centre<br \/><\/strong>Das Utzon Centre, benannt nach dem weltber\u00fchmten Architekten J\u00f8rn Utzon, der auch der Kopf hinter dem Sydney Opera House ist, ist mehr als nur ein Museum. Es ist eine lebendige Hommage an die Kreativit\u00e4t und die unendliche Verbindung zwischen Menschen und der Kunst des Bauens. Dieser Ort ist eine Verschmelzung von Kunst, Architektur und Lernen, die eine Geschichte \u00fcber die meisterhaften Entw\u00fcrfe der Vergangenheit und die unendlichen M\u00f6glichkeiten der Zukunft miteinander verwebt.<\/p><p><strong>Ausstellung &amp; Restaurant\u00a0<br \/><\/strong>Sobald Sie das Utzon Centre betreten, werden Sie von einer Atmosph\u00e4re des Entdeckens empfangen. Die wechselnden Ausstellungen machen jeden Besuch zu einer neuen Erfahrung, die die verschiedenen Facetten des architektonischen Denkens und Schaffens beleuchtet. Die ausgestellten Modelle, Zeichnungen und Fotografien sind nicht nur visuelle Darstellungen, sondern vielmehr Dialoge zwischen vergangener, gegenw\u00e4rtiger und zuk\u00fcnftiger Architektur. Wenn Sie hungrig werden, k\u00f6nnen Sie im Restaurant J\u00f8rn mit Blick auf den Limfjord ein gutes Mittagessen genie\u00dfen.<\/p><p><strong>5 Gehminuten vom Hotel entfernt\u00a0<br \/><\/strong>Nicht weit vom KOMPAS Hotel Aalborg entfernt, ist ein Besuch des Utzon Centre eine bereichernde Art, einen Nachmittag zu verbringen. Es ist leicht, sich in den kreativen R\u00e4umen zu verlieren, von denen jeder seine eigene einzigartige Geschichte von Design und Innovation erz\u00e4hlt.<\/p><p><strong data-start=\"110\" data-end=\"156\">Hotelaufenthalt mit Eintrittskarten f\u00fcr das Utzon Center<\/strong><br data-start=\"156\" data-end=\"159\" \/>Planen Sie eine Reise nach Aalborg, um das reiche kulturelle Leben der Stadt zu erleben? Dann ist unser <a href=\"https:\/\/kompashotel.dk\/de\/pauschalreisen\/kultur-in-aalborg\/\"><em data-start=\"240\" data-end=\"257\">Kunst und Kultur<\/em>-bleibt<\/a> die perfekte Wahl. Der Aufenthalt beinhaltet Eintrittskarten f\u00fcr das Utzon Centre und die Galerie <a href=\"https:\/\/kompashotel.dk\/de\/die-kunste\/\">Die K\u00fcnste<\/a> - und ein k\u00f6stliches Abendessen in der Stadt.<\/p>\t\t\t\t\t\t\t\t<\/div>\n\t\t\t\t<\/div>\n\t\t\t\t\t<\/div>\n\t\t\t\t<\/div>\n\t\t<div class=\"elementor-element elementor-element-7585bdb e-con-full e-flex e-con e-parent\" data-id=\"7585bdb\" data-element_type=\"container\" data-e-type=\"container\">\n\t\t\t\t<div class=\"elementor-element elementor-element-06a73c6 elementor-widget elementor-widget-gallery\" data-id=\"06a73c6\" data-element_type=\"widget\" data-e-type=\"widget\" data-settings=\"{&quot;gap&quot;:{&quot;unit&quot;:&quot;px&quot;,&quot;size&quot;:5,&quot;sizes&quot;:[]},&quot;gap_tablet&quot;:{&quot;unit&quot;:&quot;px&quot;,&quot;size&quot;:5,&quot;sizes&quot;:[]},&quot;gap_mobile&quot;:{&quot;unit&quot;:&quot;px&quot;,&quot;size&quot;:5,&quot;sizes&quot;:[]},&quot;columns&quot;:3,&quot;columns_tablet&quot;:3,&quot;aspect_ratio&quot;:&quot;1:1&quot;,&quot;lazyload&quot;:&quot;yes&quot;,&quot;gallery_layout&quot;:&quot;grid&quot;,&quot;columns_mobile&quot;:1,&quot;link_to&quot;:&quot;file&quot;,&quot;overlay_background&quot;:&quot;yes&quot;,&quot;content_hover_animation&quot;:&quot;fade-in&quot;}\" data-widget_type=\"gallery.default\">\n\t\t\t\t<div class=\"elementor-widget-container\">\n\t\t\t\t\t\t\t<div class=\"elementor-gallery__container\">\n\t\t\t\t\t\t\t<a class=\"e-gallery-item elementor-gallery-item elementor-animated-content\" href=\"https:\/\/kompashotel.dk\/wp-content\/uploads\/2024\/07\/KOMPAS-Musikkens-Hus.jpg\" data-elementor-open-lightbox=\"yes\" data-elementor-lightbox-slideshow=\"06a73c6\" data-elementor-lightbox-title=\"KOMPAS-Musikkens-Hus\" data-e-action-hash=\"#elementor-action%3Aaction%3Dlightbox%26settings%3DeyJpZCI6NDgxNywidXJsIjoiaHR0cHM6XC9cL2tvbXBhc2hvdGVsLmRrXC93cC1jb250ZW50XC91cGxvYWRzXC8yMDI0XC8wN1wvS09NUEFTLU11c2lra2Vucy1IdXMuanBnIiwic2xpZGVzaG93IjoiMDZhNzNjNiJ9\">\n\t\t\t\t\t<div class=\"e-gallery-image elementor-gallery-item__image\" data-thumbnail=\"https:\/\/kompashotel.dk\/wp-content\/uploads\/2024\/07\/KOMPAS-Musikkens-Hus.jpg\" data-width=\"1515\" data-height=\"1010\" aria-label=\"\" role=\"img\" ><\/div>\n\t\t\t\t\t\t\t\t\t\t\t<div class=\"elementor-gallery-item__overlay\"><\/div>\n\t\t\t\t\t\t\t\t\t\t\t\t\t\t<\/a>\n\t\t\t\t\t\t\t<a class=\"e-gallery-item elementor-gallery-item elementor-animated-content\" href=\"https:\/\/kompashotel.dk\/wp-content\/uploads\/2024\/07\/R_Hjortshoj-Utzon-Super-Dansk-1.jpg\" data-elementor-open-lightbox=\"yes\" data-elementor-lightbox-slideshow=\"06a73c6\" data-elementor-lightbox-title=\"R_Hjortshoj-Utzon-Super-Dansk-1\" data-e-action-hash=\"#elementor-action%3Aaction%3Dlightbox%26settings%3DeyJpZCI6NDg1NiwidXJsIjoiaHR0cHM6XC9cL2tvbXBhc2hvdGVsLmRrXC93cC1jb250ZW50XC91cGxvYWRzXC8yMDI0XC8wN1wvUl9Iam9ydHNob2otVXR6b24tU3VwZXItRGFuc2stMS5qcGciLCJzbGlkZXNob3ciOiIwNmE3M2M2In0%3D\">\n\t\t\t\t\t<div class=\"e-gallery-image elementor-gallery-item__image\" data-thumbnail=\"https:\/\/kompashotel.dk\/wp-content\/uploads\/2024\/07\/R_Hjortshoj-Utzon-Super-Dansk-1.jpg\" data-width=\"800\" data-height=\"602\" aria-label=\"Utzon Centre in der N\u00e4he des KOMPAS Hotel Aalborg\" role=\"img\" ><\/div>\n\t\t\t\t\t\t\t\t\t\t\t<div class=\"elementor-gallery-item__overlay\"><\/div>\n\t\t\t\t\t\t\t\t\t\t\t\t\t\t<\/a>\n\t\t\t\t\t\t\t<a class=\"e-gallery-item elementor-gallery-item elementor-animated-content\" href=\"https:\/\/kompashotel.dk\/wp-content\/uploads\/2024\/07\/utzoncenter-print-Fotograf-Per-Bille-20200702-2-19.jpg\" data-elementor-open-lightbox=\"yes\" data-elementor-lightbox-slideshow=\"06a73c6\" data-elementor-lightbox-title=\"utzoncenter-print-Fotograf-Per-Bille-20200702-2-19\" data-e-action-hash=\"#elementor-action%3Aaction%3Dlightbox%26settings%3DeyJpZCI6NDg1NywidXJsIjoiaHR0cHM6XC9cL2tvbXBhc2hvdGVsLmRrXC93cC1jb250ZW50XC91cGxvYWRzXC8yMDI0XC8wN1wvdXR6b25jZW50ZXItcHJpbnQtRm90b2dyYWYtUGVyLUJpbGxlLTIwMjAwNzAyLTItMTkuanBnIiwic2xpZGVzaG93IjoiMDZhNzNjNiJ9\">\n\t\t\t\t\t<div class=\"e-gallery-image elementor-gallery-item__image\" data-thumbnail=\"https:\/\/kompashotel.dk\/wp-content\/uploads\/2024\/07\/utzoncenter-print-Fotograf-Per-Bille-20200702-2-19.jpg\" data-width=\"800\" data-height=\"533\" aria-label=\"Restaurant J\u00f8rn im Utzon Centre in der N\u00e4he des KOMPAS Hotel Aalborg\" role=\"img\" ><\/div>\n\t\t\t\t\t\t\t\t\t\t\t<div class=\"elementor-gallery-item__overlay\"><\/div>\n\t\t\t\t\t\t\t\t\t\t\t\t\t\t<\/a>\n\t\t\t\t\t<\/div>\n\t\t\t\t\t<\/div>\n\t\t\t\t<\/div>\n\t\t\t\t<\/div>\n\t\t\t\t<\/div>","protected":false},"excerpt":{"rendered":"<p>Et dyk ind i Utzon centerets verden. Et Dyk ind i Utzon Centerets VerdenUtzon Centeret, opkaldt efter den verdensber\u00f8mte arkitekt [&hellip;]<\/p>\n","protected":false},"author":2,"featured_media":0,"parent":0,"menu_order":51,"comment_status":"closed","ping_status":"closed","template":"","meta":{"_acf_changed":false,"_seopress_robots_primary_cat":"","_seopress_titles_title":"Utzon Center - Kompas Hotel Aalborg","_seopress_titles_desc":"","_seopress_robots_index":"","site-sidebar-layout":"no-sidebar","site-content-layout":"","ast-site-content-layout":"full-width-container","site-content-style":"default","site-sidebar-style":"default","ast-global-header-display":"","ast-banner-title-visibility":"","ast-main-header-display":"","ast-hfb-above-header-display":"","ast-hfb-below-header-display":"","ast-hfb-mobile-header-display":"","site-post-title":"disabled","ast-breadcrumbs-content":"","ast-featured-img":"disabled","footer-sml-layout":"","ast-disable-related-posts":"","theme-transparent-header-meta":"","adv-header-id-meta":"","stick-header-meta":"","header-above-stick-meta":"","header-main-stick-meta":"","header-below-stick-meta":"","astra-migrate-meta-layouts":"default","ast-page-background-enabled":"default","ast-page-background-meta":{"desktop":{"background-color":"var(--ast-global-color-4)","background-image":"","background-repeat":"repeat","background-position":"center center","background-size":"auto","background-attachment":"scroll","background-type":"","background-media":"","overlay-type":"","overlay-color":"","overlay-opacity":"","overlay-gradient":""},"tablet":{"background-color":"","background-image":"","background-repeat":"repeat","background-position":"center center","background-size":"auto","background-attachment":"scroll","background-type":"","background-media":"","overlay-type":"","overlay-color":"","overlay-opacity":"","overlay-gradient":""},"mobile":{"background-color":"","background-image":"","background-repeat":"repeat","background-position":"center center","background-size":"auto","background-attachment":"scroll","background-type":"","background-media":"","overlay-type":"","overlay-color":"","overlay-opacity":"","overlay-gradient":""}},"ast-content-background-meta":{"desktop":{"background-color":"var(--ast-global-color-5)","background-image":"","background-repeat":"repeat","background-position":"center center","background-size":"auto","background-attachment":"scroll","background-type":"","background-media":"","overlay-type":"","overlay-color":"","overlay-opacity":"","overlay-gradient":""},"tablet":{"background-color":"var(--ast-global-color-5)","background-image":"","background-repeat":"repeat","background-position":"center center","background-size":"auto","background-attachment":"scroll","background-type":"","background-media":"","overlay-type":"","overlay-color":"","overlay-opacity":"","overlay-gradient":""},"mobile":{"background-color":"var(--ast-global-color-5)","background-image":"","background-repeat":"repeat","background-position":"center center","background-size":"auto","background-attachment":"scroll","background-type":"","background-media":"","overlay-type":"","overlay-color":"","overlay-opacity":"","overlay-gradient":""}},"footnotes":""},"class_list":["post-3329","page","type-page","status-publish","hentry"],"featured_image_src":null,"acf":[],"_links":{"self":[{"href":"https:\/\/kompashotel.dk\/de\/wp-json\/wp\/v2\/pages\/3329","targetHints":{"allow":["GET"]}}],"collection":[{"href":"https:\/\/kompashotel.dk\/de\/wp-json\/wp\/v2\/pages"}],"about":[{"href":"https:\/\/kompashotel.dk\/de\/wp-json\/wp\/v2\/types\/page"}],"author":[{"embeddable":true,"href":"https:\/\/kompashotel.dk\/de\/wp-json\/wp\/v2\/users\/2"}],"replies":[{"embeddable":true,"href":"https:\/\/kompashotel.dk\/de\/wp-json\/wp\/v2\/comments?post=3329"}],"version-history":[{"count":3,"href":"https:\/\/kompashotel.dk\/de\/wp-json\/wp\/v2\/pages\/3329\/revisions"}],"predecessor-version":[{"id":6756,"href":"https:\/\/kompashotel.dk\/de\/wp-json\/wp\/v2\/pages\/3329\/revisions\/6756"}],"wp:attachment":[{"href":"https:\/\/kompashotel.dk\/de\/wp-json\/wp\/v2\/media?parent=3329"}],"curies":[{"name":"wp","href":"https:\/\/api.w.org\/{rel}","templated":true}]}}