{"id":3241,"date":"2023-10-09T12:43:55","date_gmt":"2023-10-09T10:43:55","guid":{"rendered":"https:\/\/kompashotel.dk\/?page_id=3241"},"modified":"2025-05-27T11:41:06","modified_gmt":"2025-05-27T09:41:06","slug":"aalborg-streetart","status":"publish","type":"page","link":"https:\/\/kompashotel.dk\/de\/aalborg-streetart\/","title":{"rendered":"Aalborg Streetart"},"content":{"rendered":"<div data-elementor-type=\"wp-page\" data-elementor-id=\"3241\" class=\"elementor elementor-3241\" data-elementor-post-type=\"page\">\n\t\t\t\t<div class=\"elementor-element elementor-element-6a62bd8 e-flex e-con-boxed e-con e-parent\" data-id=\"6a62bd8\" data-element_type=\"container\" data-e-type=\"container\" data-settings=\"{&quot;background_background&quot;:&quot;classic&quot;}\">\n\t\t\t\t\t<div class=\"e-con-inner\">\n\t\t\t\t\t<\/div>\n\t\t\t\t<\/div>\n\t\t<div class=\"elementor-element elementor-element-4972e2d e-flex e-con-boxed e-con e-parent\" data-id=\"4972e2d\" data-element_type=\"container\" data-e-type=\"container\" data-settings=\"{&quot;background_background&quot;:&quot;classic&quot;}\">\n\t\t\t\t\t<div class=\"e-con-inner\">\n\t\t<div class=\"elementor-element elementor-element-6b388b5 e-con-full animated-fast e-flex elementor-invisible e-con e-child\" data-id=\"6b388b5\" data-element_type=\"container\" data-e-type=\"container\" data-settings=\"{&quot;animation&quot;:&quot;fadeInUp&quot;}\">\n\t\t\t\t<div class=\"elementor-element elementor-element-8086f54 elementor-widget-divider--view-line elementor-widget elementor-widget-divider\" data-id=\"8086f54\" data-element_type=\"widget\" data-e-type=\"widget\" data-widget_type=\"divider.default\">\n\t\t\t\t<div class=\"elementor-widget-container\">\n\t\t\t\t\t\t\t<div class=\"elementor-divider\">\n\t\t\t<span class=\"elementor-divider-separator\">\n\t\t\t\t\t\t<\/span>\n\t\t<\/div>\n\t\t\t\t\t\t<\/div>\n\t\t\t\t<\/div>\n\t\t\t\t<div class=\"elementor-element elementor-element-af31288 elementor-widget elementor-widget-text-editor\" data-id=\"af31288\" data-element_type=\"widget\" data-e-type=\"widget\" data-widget_type=\"text-editor.default\">\n\t\t\t\t<div class=\"elementor-widget-container\">\n\t\t\t\t\t\t\t\t\tAalborg bietet ein Einkaufserlebnis f\u00fcr jeden Geschmack und jedes Budget. Die Stadt beherbergt eine wunderbare Mischung aus charmanten Fachgesch\u00e4ften, beliebten Markengesch\u00e4ften, gut sortierten Superm\u00e4rkten und einladenden Kaufh\u00e4usern und Einkaufszentren, sowohl im Herzen von Aalborg als auch in der City S\u00fcd.  \n\t\t\t\t\t\t\t\t<\/div>\n\t\t\t\t<\/div>\n\t\t\t\t<\/div>\n\t\t\t\t\t<\/div>\n\t\t\t\t<\/div>\n\t\t<div class=\"elementor-element elementor-element-d0c75a3 e-con-full e-flex e-con e-parent\" data-id=\"d0c75a3\" data-element_type=\"container\" data-e-type=\"container\" data-settings=\"{&quot;background_background&quot;:&quot;classic&quot;}\">\n\t\t<div class=\"elementor-element elementor-element-3767250 e-con-full e-flex e-con e-child\" data-id=\"3767250\" data-element_type=\"container\" data-e-type=\"container\" data-settings=\"{&quot;background_background&quot;:&quot;classic&quot;}\">\n\t\t\t\t<div class=\"elementor-element elementor-element-4031e14 elementor-widget elementor-widget-heading\" data-id=\"4031e14\" data-element_type=\"widget\" data-e-type=\"widget\" data-widget_type=\"heading.default\">\n\t\t\t\t<div class=\"elementor-widget-container\">\n\t\t\t\t\t<h2 class=\"elementor-heading-title elementor-size-default\">SKANDINAVIENS F\u00dcHRENDE STADT DER STRASSENKUNST\n<\/h2>\t\t\t\t<\/div>\n\t\t\t\t<\/div>\n\t\t\t\t<div class=\"elementor-element elementor-element-d13fb94 elementor-widget elementor-widget-text-editor\" data-id=\"d13fb94\" data-element_type=\"widget\" data-e-type=\"widget\" data-widget_type=\"text-editor.default\">\n\t\t\t\t<div class=\"elementor-widget-container\">\n\t\t\t\t\t\t\t\t\tMachen Sie einen bereichernden Spaziergang durch Aalborgs charmante und lebendige Stra\u00dfen, in denen jede Wand und jede Fassade ihre eigene einzigartige Geschichte durch Kunst erz\u00e4hlt. \u00dcber 80 verschiedene Kunstwerke im Herzen der Stadt laden Sie dazu ein, die Welt aus einer neuen Perspektive zu betrachten und Ihren Gedanken freien Lauf zu lassen. Erkunden Sie Aalborgs Galerien im Freien, wo die Vielfalt der Kunst dem Stadtbild einen Hauch von Farbe verleiht, selbst an einem grauen Regentag.  \t\t\t\t\t\t\t\t<\/div>\n\t\t\t\t<\/div>\n\t\t\t\t<div class=\"elementor-element elementor-element-c68ee0a elementor-widget-divider--view-line elementor-widget elementor-widget-divider\" data-id=\"c68ee0a\" data-element_type=\"widget\" data-e-type=\"widget\" data-widget_type=\"divider.default\">\n\t\t\t\t<div class=\"elementor-widget-container\">\n\t\t\t\t\t\t\t<div class=\"elementor-divider\">\n\t\t\t<span class=\"elementor-divider-separator\">\n\t\t\t\t\t\t<\/span>\n\t\t<\/div>\n\t\t\t\t\t\t<\/div>\n\t\t\t\t<\/div>\n\t\t<div class=\"elementor-element elementor-element-102eba0 e-con-full e-flex e-con e-child\" data-id=\"102eba0\" data-element_type=\"container\" data-e-type=\"container\">\n\t\t\t\t<div class=\"elementor-element elementor-element-04c143a elementor-align-left elementor-widget elementor-widget-button\" data-id=\"04c143a\" data-element_type=\"widget\" data-e-type=\"widget\" data-widget_type=\"button.default\">\n\t\t\t\t<div class=\"elementor-widget-container\">\n\t\t\t\t\t\t\t\t\t<div class=\"elementor-button-wrapper\">\n\t\t\t\t\t<a class=\"elementor-button elementor-button-link elementor-size-sm\" href=\"https:\/\/www.enjoynordjylland.dk\/aalborg\/oplevelser\/street-art\" target=\"_blank\">\n\t\t\t\t\t\t<span class=\"elementor-button-content-wrapper\">\n\t\t\t\t\t\t\t\t\t<span class=\"elementor-button-text\">Lesen Sie mehr<\/span>\n\t\t\t\t\t<\/span>\n\t\t\t\t\t<\/a>\n\t\t\t\t<\/div>\n\t\t\t\t\t\t\t\t<\/div>\n\t\t\t\t<\/div>\n\t\t\t\t<\/div>\n\t\t\t\t<\/div>\n\t\t<div class=\"elementor-element elementor-element-4c2c36b e-con-full animated-fast e-flex elementor-invisible e-con e-child\" data-id=\"4c2c36b\" data-element_type=\"container\" data-e-type=\"container\" data-settings=\"{&quot;background_background&quot;:&quot;classic&quot;,&quot;animation&quot;:&quot;fadeIn&quot;}\">\n\t\t\t\t<\/div>\n\t\t\t\t<\/div>\n\t\t<div class=\"elementor-element elementor-element-f799894 e-con-full e-flex e-con e-parent\" data-id=\"f799894\" data-element_type=\"container\" data-e-type=\"container\" data-settings=\"{&quot;background_background&quot;:&quot;classic&quot;}\">\n\t\t<div class=\"elementor-element elementor-element-f9ee9c2 e-con-full e-flex e-con e-child\" data-id=\"f9ee9c2\" data-element_type=\"container\" data-e-type=\"container\" data-settings=\"{&quot;background_background&quot;:&quot;classic&quot;}\">\n\t\t\t\t<div class=\"elementor-element elementor-element-8a21ed0 elementor-widget elementor-widget-heading\" data-id=\"8a21ed0\" data-element_type=\"widget\" data-e-type=\"widget\" data-widget_type=\"heading.default\">\n\t\t\t\t<div class=\"elementor-widget-container\">\n\t\t\t\t\t<h2 class=\"elementor-heading-title elementor-size-default\">WIR UNTERST\u00dcTZEN DIE STRASSENKUNST IN AALBORG\n<\/h2>\t\t\t\t<\/div>\n\t\t\t\t<\/div>\n\t\t\t\t<div class=\"elementor-element elementor-element-50da6c4 elementor-widget elementor-widget-text-editor\" data-id=\"50da6c4\" data-element_type=\"widget\" data-e-type=\"widget\" data-widget_type=\"text-editor.default\">\n\t\t\t\t<div class=\"elementor-widget-container\">\n\t\t\t\t\t\t\t\t\tDas KOMPAS Hotel Aalborg ist stolz darauf, die Galerie KIRK bei ihrer Aufgabe, die Stadt zu versch\u00f6nern, zu unterst\u00fctzen. W\u00e4hrend ihres Aufenthalts im Hotel arbeiteten die K\u00fcnstler an neuen Werken, die nun die R\u00e4ume der Stadt schm\u00fccken. Das Ergebnis sind atemberaubende Kunstwerke wie \"Trine\", inspiriert vom Goldenen Zeitalter D\u00e4nemarks, und \"Die Nachtigall und die Rose\", die die Farben der Architektur und die lokale Geschichte widerspiegeln. Diese Neuzug\u00e4nge sind nur ein weiterer Beweis daf\u00fcr, dass sich Aalborg st\u00e4ndig weiterentwickelt und mit seinem unaufh\u00f6rlichen Fluss an Kreativit\u00e4t und Geschichten \u00fcberrascht.\t\t\t\t\t\t\t\t<\/div>\n\t\t\t\t<\/div>\n\t\t\t\t<div class=\"elementor-element elementor-element-0461b3b elementor-widget-divider--view-line elementor-widget elementor-widget-divider\" data-id=\"0461b3b\" data-element_type=\"widget\" data-e-type=\"widget\" data-widget_type=\"divider.default\">\n\t\t\t\t<div class=\"elementor-widget-container\">\n\t\t\t\t\t\t\t<div class=\"elementor-divider\">\n\t\t\t<span class=\"elementor-divider-separator\">\n\t\t\t\t\t\t<\/span>\n\t\t<\/div>\n\t\t\t\t\t\t<\/div>\n\t\t\t\t<\/div>\n\t\t\t\t<\/div>\n\t\t<div class=\"elementor-element elementor-element-26e3cff e-con-full e-flex elementor-invisible e-con e-child\" data-id=\"26e3cff\" data-element_type=\"container\" data-e-type=\"container\" data-settings=\"{&quot;background_background&quot;:&quot;classic&quot;,&quot;animation&quot;:&quot;fadeIn&quot;}\">\n\t\t\t\t<\/div>\n\t\t\t\t<\/div>\n\t\t<div class=\"elementor-element elementor-element-6b36af0 e-con-full e-flex e-con e-parent\" data-id=\"6b36af0\" data-element_type=\"container\" data-e-type=\"container\" data-settings=\"{&quot;background_background&quot;:&quot;classic&quot;}\">\n\t\t<div class=\"elementor-element elementor-element-a37fe20 e-con-full e-flex e-con e-child\" data-id=\"a37fe20\" data-element_type=\"container\" data-e-type=\"container\" data-settings=\"{&quot;background_background&quot;:&quot;classic&quot;}\">\n\t\t\t\t<div class=\"elementor-element elementor-element-1ae01fa elementor-widget elementor-widget-heading\" data-id=\"1ae01fa\" data-element_type=\"widget\" data-e-type=\"widget\" data-widget_type=\"heading.default\">\n\t\t\t\t<div class=\"elementor-widget-container\">\n\t\t\t\t\t<h2 class=\"elementor-heading-title elementor-size-default\">AALBORG STREET ART VIRTUELL ODER GEF\u00dcHRT ERLEBEN<\/h2>\t\t\t\t<\/div>\n\t\t\t\t<\/div>\n\t\t\t\t<div class=\"elementor-element elementor-element-9b24964 elementor-widget elementor-widget-text-editor\" data-id=\"9b24964\" data-element_type=\"widget\" data-e-type=\"widget\" data-widget_type=\"text-editor.default\">\n\t\t\t\t<div class=\"elementor-widget-container\">\n\t\t\t\t\t\t\t\t\t<p>Die Stra\u00dfen von Aalborg sind ein offenes Buch, aber um wirklich in jede Seite einzutauchen, k\u00f6nnen Sie die Stra\u00dfenkunst der Stadt auf zwei einzigartige Arten erkunden. F\u00fcr den unabh\u00e4ngigen Entdecker gibt es eine\u00a0<a href=\"https:\/\/tours.storyhunt.io\/en\/tours\/aalborg_street_art_en\" target=\"_blank\" rel=\"noopener\">virtueller F\u00fchrer<\/a>die Sie durch die bunte Kunstszene der Stadt f\u00fchrt. Und f\u00fcr diejenigen, die eine pers\u00f6nlichere Bereicherung bevorzugen, gibt es die M\u00f6glichkeit, eine\u00a0<a href=\"https:\/\/truestory.dk\/oplev\/street-art-tour-aalborg-tours\/\" target=\"_blank\" rel=\"noopener\">Besichtigung<\/a>. Mit einem sachkundigen F\u00fchrer an Ihrer Seite erhalten Sie Einblicke in die Geschichten hinter den Kunstwerken und erleben die Stra\u00dfenkunstszene von Aalborg aus einem anderen Blickwinkel.\u00a0<\/p>\t\t\t\t\t\t\t\t<\/div>\n\t\t\t\t<\/div>\n\t\t\t\t<div class=\"elementor-element elementor-element-2610134 elementor-widget-divider--view-line elementor-widget elementor-widget-divider\" data-id=\"2610134\" data-element_type=\"widget\" data-e-type=\"widget\" data-widget_type=\"divider.default\">\n\t\t\t\t<div class=\"elementor-widget-container\">\n\t\t\t\t\t\t\t<div class=\"elementor-divider\">\n\t\t\t<span class=\"elementor-divider-separator\">\n\t\t\t\t\t\t<\/span>\n\t\t<\/div>\n\t\t\t\t\t\t<\/div>\n\t\t\t\t<\/div>\n\t\t\t\t<\/div>\n\t\t<div class=\"elementor-element elementor-element-c7e652f e-con-full animated-fast e-flex elementor-invisible e-con e-child\" data-id=\"c7e652f\" data-element_type=\"container\" data-e-type=\"container\" data-settings=\"{&quot;background_background&quot;:&quot;classic&quot;,&quot;animation&quot;:&quot;fadeIn&quot;}\">\n\t\t\t\t<\/div>\n\t\t\t\t<\/div>\n\t\t\t\t<\/div>","protected":false},"excerpt":{"rendered":"<p>Aalborg byder p\u00e5 en shoppingoplevelse for enhver smag og budget. Byen er hjemsted for en sk\u00f8n blanding af charmerende specialbutikker, [&hellip;]<\/p>\n","protected":false},"author":2,"featured_media":0,"parent":0,"menu_order":54,"comment_status":"closed","ping_status":"closed","template":"","meta":{"_acf_changed":false,"_seopress_robots_primary_cat":"","_seopress_titles_title":"Aalborg Street Art | Kompas Hotel Aalborg","_seopress_titles_desc":"Tr\u00e6d ind i Aalborgs pulserende hjerte, hvor kreativiteten blomstrer p\u00e5 hvert gadehj\u00f8rne.  KOMPAS Hotel Aalborg er stolt af at st\u00f8tte KIRK Gallery i deres mission om at forsk\u00f8nne byen.","_seopress_robots_index":"","_seopress_analysis_target_kw":"","site-sidebar-layout":"no-sidebar","site-content-layout":"","ast-site-content-layout":"full-width-container","site-content-style":"default","site-sidebar-style":"default","ast-global-header-display":"","ast-banner-title-visibility":"","ast-main-header-display":"","ast-hfb-above-header-display":"","ast-hfb-below-header-display":"","ast-hfb-mobile-header-display":"","site-post-title":"disabled","ast-breadcrumbs-content":"","ast-featured-img":"disabled","footer-sml-layout":"","ast-disable-related-posts":"","theme-transparent-header-meta":"","adv-header-id-meta":"","stick-header-meta":"","header-above-stick-meta":"","header-main-stick-meta":"","header-below-stick-meta":"","astra-migrate-meta-layouts":"default","ast-page-background-enabled":"default","ast-page-background-meta":{"desktop":{"background-color":"var(--ast-global-color-4)","background-image":"","background-repeat":"repeat","background-position":"center center","background-size":"auto","background-attachment":"scroll","background-type":"","background-media":"","overlay-type":"","overlay-color":"","overlay-opacity":"","overlay-gradient":""},"tablet":{"background-color":"","background-image":"","background-repeat":"repeat","background-position":"center center","background-size":"auto","background-attachment":"scroll","background-type":"","background-media":"","overlay-type":"","overlay-color":"","overlay-opacity":"","overlay-gradient":""},"mobile":{"background-color":"","background-image":"","background-repeat":"repeat","background-position":"center center","background-size":"auto","background-attachment":"scroll","background-type":"","background-media":"","overlay-type":"","overlay-color":"","overlay-opacity":"","overlay-gradient":""}},"ast-content-background-meta":{"desktop":{"background-color":"var(--ast-global-color-5)","background-image":"","background-repeat":"repeat","background-position":"center center","background-size":"auto","background-attachment":"scroll","background-type":"","background-media":"","overlay-type":"","overlay-color":"","overlay-opacity":"","overlay-gradient":""},"tablet":{"background-color":"var(--ast-global-color-5)","background-image":"","background-repeat":"repeat","background-position":"center center","background-size":"auto","background-attachment":"scroll","background-type":"","background-media":"","overlay-type":"","overlay-color":"","overlay-opacity":"","overlay-gradient":""},"mobile":{"background-color":"var(--ast-global-color-5)","background-image":"","background-repeat":"repeat","background-position":"center center","background-size":"auto","background-attachment":"scroll","background-type":"","background-media":"","overlay-type":"","overlay-color":"","overlay-opacity":"","overlay-gradient":""}},"footnotes":""},"class_list":["post-3241","page","type-page","status-publish","hentry"],"featured_image_src":null,"acf":[],"_links":{"self":[{"href":"https:\/\/kompashotel.dk\/de\/wp-json\/wp\/v2\/pages\/3241","targetHints":{"allow":["GET"]}}],"collection":[{"href":"https:\/\/kompashotel.dk\/de\/wp-json\/wp\/v2\/pages"}],"about":[{"href":"https:\/\/kompashotel.dk\/de\/wp-json\/wp\/v2\/types\/page"}],"author":[{"embeddable":true,"href":"https:\/\/kompashotel.dk\/de\/wp-json\/wp\/v2\/users\/2"}],"replies":[{"embeddable":true,"href":"https:\/\/kompashotel.dk\/de\/wp-json\/wp\/v2\/comments?post=3241"}],"version-history":[{"count":3,"href":"https:\/\/kompashotel.dk\/de\/wp-json\/wp\/v2\/pages\/3241\/revisions"}],"predecessor-version":[{"id":6766,"href":"https:\/\/kompashotel.dk\/de\/wp-json\/wp\/v2\/pages\/3241\/revisions\/6766"}],"wp:attachment":[{"href":"https:\/\/kompashotel.dk\/de\/wp-json\/wp\/v2\/media?parent=3241"}],"curies":[{"name":"wp","href":"https:\/\/api.w.org\/{rel}","templated":true}]}}